{"id":852,"date":"2023-04-27T00:11:38","date_gmt":"2023-04-26T21:11:38","guid":{"rendered":"https:\/\/suphantunc.net\/?page_id=852"},"modified":"2024-03-23T06:48:24","modified_gmt":"2024-03-23T03:48:24","slug":"blog","status":"publish","type":"page","link":"https:\/\/suphantunc.net\/de\/blog\/","title":{"rendered":"Blog"},"content":{"rendered":"<div data-elementor-type=\"wp-page\" data-elementor-id=\"852\" class=\"elementor elementor-852\" data-elementor-post-type=\"page\">\n\t\t\t\t<div class=\"e-con-with-custom-width elementor-element elementor-element-012d19f e-flex e-con-boxed sc_layouts_column_icons_position_left e-con e-parent\" data-id=\"012d19f\" data-element_type=\"container\">\n\t\t\t\t\t<div class=\"e-con-inner\">\n\t\t\t\t<div class=\"elementor-element elementor-element-604aeb4 sc_style_default sc_fly_static elementor-widget elementor-widget-trx_sc_blogger\" data-id=\"604aeb4\" data-element_type=\"widget\" data-widget_type=\"trx_sc_blogger.default\">\n\t\t\t\t<div class=\"elementor-widget-container\">\n\t\t\t<div \t\tclass=\"sc_blogger sc_blogger_classic sc_blogger_classic_default sc_item_filters_tabs_none alignnone\" ><div class=\"sc_blogger_content sc_item_content sc_item_posts_container posts_container classic_wrap classic_2 columns_wrap columns_padding_bottom columns_in_single_row\" ><div class=\"column-1_2\"><article id=\"post-1086\" data-post-id=\"1086\"\r\n\tclass=\"post_item post_item_container post_format_standard post_layout_classic post_layout_classic_2 post-1086 post type-post status-publish format-standard has-post-thumbnail hentry category-blog\">\r\n\t<div class=\"post_featured with_thumb hover_link\"><img fetchpriority=\"high\" decoding=\"async\" width=\"410\" height=\"230\" src=\"https:\/\/suphantunc.net\/wp-content\/uploads\/2023\/11\/Liposuction-vs-Tummy-Tuck-410x230.webp\" class=\"attachment-asclepius-thumb-med size-asclepius-thumb-med wp-post-image\" alt=\"\" srcset=\"https:\/\/suphantunc.net\/wp-content\/uploads\/2023\/11\/Liposuction-vs-Tummy-Tuck-410x230.webp 410w, https:\/\/suphantunc.net\/wp-content\/uploads\/2023\/11\/Liposuction-vs-Tummy-Tuck-840x473.webp 840w, https:\/\/suphantunc.net\/wp-content\/uploads\/2023\/11\/Liposuction-vs-Tummy-Tuck-270x152.webp 270w\" sizes=\"(max-width: 600px) 100vw, 410px\" \/>\t\t\t\t\t\t<div class=\"mask\"><\/div>\r\n\t\t\t\t\t\t\t\t\t<a href=\"https:\/\/suphantunc.net\/de\/tummy-tuck-vs-liposuction\/\"  aria-hidden=\"true\" class=\"link\"><\/a>\r\n\t\t\t<\/div>\t\t<div class=\"post_header entry-header\">\r\n\t\t\t<div class=\"post_meta\"><span class=\"post_meta_item post_date\"><a href=\"https:\/\/suphantunc.net\/de\/tummy-tuck-vs-liposuction\/\">November 1, 2023<\/a><\/span><a href=\"https:\/\/suphantunc.net\/de\/tummy-tuck-vs-liposuction\/#respond\" class=\"post_meta_item post_meta_comments icon-comment-light\"><span class=\"post_meta_number\">0<\/span><span class=\"post_meta_label\">Comments<\/span><\/a><\/div><h4 class=\"post_title entry-title\"><a href=\"https:\/\/suphantunc.net\/de\/tummy-tuck-vs-liposuction\/\" rel=\"bookmark\">Tummy Tuck vs Liposuction<\/a><\/h4>\t\t<\/div><!-- .entry-header -->\r\n\t\t\r\n<\/article><\/div><div class=\"column-1_2\"><article id=\"post-932\" data-post-id=\"932\"\r\n\tclass=\"post_item post_item_container post_format_standard post_layout_classic post_layout_classic_2 post-932 post type-post status-publish format-standard has-post-thumbnail hentry category-blog\">\r\n\t<div class=\"post_featured with_thumb hover_link\"><img decoding=\"async\" width=\"410\" height=\"230\" src=\"https:\/\/suphantunc.net\/wp-content\/uploads\/2023\/06\/BLOG.800x600-410x230.webp\" class=\"attachment-asclepius-thumb-med size-asclepius-thumb-med wp-post-image\" alt=\"\" srcset=\"https:\/\/suphantunc.net\/wp-content\/uploads\/2023\/06\/BLOG.800x600-410x230.webp 410w, https:\/\/suphantunc.net\/wp-content\/uploads\/2023\/06\/BLOG.800x600-270x152.webp 270w\" sizes=\"(max-width: 600px) 100vw, 410px\" \/>\t\t\t\t\t\t<div class=\"mask\"><\/div>\r\n\t\t\t\t\t\t\t\t\t<a href=\"https:\/\/suphantunc.net\/de\/liposuction-during-abdominoplasty-achieving-a-flatter-firmer-abdomen\/\"  aria-hidden=\"true\" class=\"link\"><\/a>\r\n\t\t\t<\/div>\t\t<div class=\"post_header entry-header\">\r\n\t\t\t<div class=\"post_meta\"><span class=\"post_meta_item post_date\"><a href=\"https:\/\/suphantunc.net\/de\/liposuction-during-abdominoplasty-achieving-a-flatter-firmer-abdomen\/\">Juni 13, 2023<\/a><\/span><a href=\"https:\/\/suphantunc.net\/de\/liposuction-during-abdominoplasty-achieving-a-flatter-firmer-abdomen\/#respond\" class=\"post_meta_item post_meta_comments icon-comment-light\"><span class=\"post_meta_number\">0<\/span><span class=\"post_meta_label\">Comments<\/span><\/a><\/div><h4 class=\"post_title entry-title\"><a href=\"https:\/\/suphantunc.net\/de\/liposuction-during-abdominoplasty-achieving-a-flatter-firmer-abdomen\/\" rel=\"bookmark\">Fettabsaugung bei der Bauchdeckenplastik: F\u00fcr einen flacheren, strafferen Bauch<\/a><\/h4>\t\t<\/div><!-- .entry-header -->\r\n\t\t\r\n<\/article><\/div><\/div><\/div>\t\t<\/div>\n\t\t\t\t<\/div>\n\t\t\t\t\t<\/div>\n\t\t\t\t<\/div>\n\t\t\t\t<\/div>","protected":false},"excerpt":{"rendered":"<p>0 Yorum Kar\u0131n Germe vs Liposuction 0 Yorum Kar\u0131n Germe Esteti\u011fi S\u0131ras\u0131nda Liposuction: Daha D\u00fcz, Daha S\u0131k\u0131 Bir Kar\u0131n Elde Etmek<\/p>","protected":false},"author":1,"featured_media":0,"parent":0,"menu_order":0,"comment_status":"closed","ping_status":"closed","template":"elementor_header_footer","meta":{"inline_featured_image":false,"footnotes":""},"aioseo_notices":[],"_links":{"self":[{"href":"https:\/\/suphantunc.net\/de\/wp-json\/wp\/v2\/pages\/852"}],"collection":[{"href":"https:\/\/suphantunc.net\/de\/wp-json\/wp\/v2\/pages"}],"about":[{"href":"https:\/\/suphantunc.net\/de\/wp-json\/wp\/v2\/types\/page"}],"author":[{"embeddable":true,"href":"https:\/\/suphantunc.net\/de\/wp-json\/wp\/v2\/users\/1"}],"replies":[{"embeddable":true,"href":"https:\/\/suphantunc.net\/de\/wp-json\/wp\/v2\/comments?post=852"}],"version-history":[{"count":14,"href":"https:\/\/suphantunc.net\/de\/wp-json\/wp\/v2\/pages\/852\/revisions"}],"predecessor-version":[{"id":1702,"href":"https:\/\/suphantunc.net\/de\/wp-json\/wp\/v2\/pages\/852\/revisions\/1702"}],"wp:attachment":[{"href":"https:\/\/suphantunc.net\/de\/wp-json\/wp\/v2\/media?parent=852"}],"curies":[{"name":"wp","href":"https:\/\/api.w.org\/{rel}","templated":true}]}}